{"id":11,"date":"2019-03-03T16:30:40","date_gmt":"2019-03-03T16:30:40","guid":{"rendered":"http:\/\/couleurdartiste.com\/?page_id=11"},"modified":"2024-05-11T13:22:55","modified_gmt":"2024-05-11T13:22:55","slug":"ma-demarche-artistique","status":"publish","type":"page","link":"https:\/\/couleurdartiste.com\/index.php\/ma-demarche-artistique\/","title":{"rendered":"Ma d\u00e9marche artistique"},"content":{"rendered":"<p><img loading=\"lazy\" decoding=\"async\" class=\"alignnone size-medium wp-image-98\" src=\"http:\/\/couleurdartiste.com\/wp-content\/uploads\/2019\/11\/Photo-Agnes-288x300.jpg\" alt=\"Le don de la Couleur\" width=\"288\" height=\"300\" srcset=\"https:\/\/couleurdartiste.com\/wp-content\/uploads\/2019\/11\/Photo-Agnes-288x300.jpg 288w, https:\/\/couleurdartiste.com\/wp-content\/uploads\/2019\/11\/Photo-Agnes-984x1024.jpg 984w, https:\/\/couleurdartiste.com\/wp-content\/uploads\/2019\/11\/Photo-Agnes-768x799.jpg 768w, https:\/\/couleurdartiste.com\/wp-content\/uploads\/2019\/11\/Photo-Agnes.jpg 1253w\" sizes=\"auto, (max-width: 288px) 100vw, 288px\" \/><\/p>\n<p>Je ressens une tr\u00e8s forte attirance pour la Couleur depuis ma plus tendre enfance car la couleur c\u2019est la vie&nbsp;!<\/p>\n<p>La recherche de la couleur et de son intensit\u00e9 lumineuse, les jeux de lumi\u00e8re et les transparences&nbsp; sont autant de fa\u00e7ons pour traduire mes \u00ab&nbsp;ressentis&nbsp;\u00bb, que ce soit au pastel ou \u00e0 l\u2019huile.<\/p>\n<p>A l\u2019huile, j\u2019aime travailler au couteau en utilisant des glacis et au pastel, superposer les couches pour obtenir intensit\u00e9 lumineuse et transparence.<\/p>\n<p>Mes th\u00e8mes de pr\u00e9dilection&nbsp;: monde floral, jardins, paysages, nature morte, sans oublier les Loups, sujet d\u2019une exposition en 2005.<\/p>\n","protected":false},"excerpt":{"rendered":"<p>Je ressens une tr\u00e8s forte attirance pour la Couleur depuis ma plus tendre enfance car la couleur c\u2019est la vie&nbsp;! La recherche de la couleur et de son intensit\u00e9 lumineuse, les jeux de lumi\u00e8re et les transparences&nbsp; sont autant de fa\u00e7ons pour traduire mes \u00ab&nbsp;ressentis&nbsp;\u00bb, que ce soit au pastel ou \u00e0 l\u2019huile. A l\u2019huile, &hellip; <\/p>\n<p class=\"link-more\"><a href=\"https:\/\/couleurdartiste.com\/index.php\/ma-demarche-artistique\/\" class=\"more-link\">Continuer la lecture<span class=\"screen-reader-text\"> de &laquo;&nbsp;Ma d\u00e9marche artistique&nbsp;&raquo;<\/span><\/a><\/p>\n","protected":false},"author":1,"featured_media":0,"parent":0,"menu_order":0,"comment_status":"closed","ping_status":"closed","template":"","meta":{"footnotes":""},"class_list":["post-11","page","type-page","status-publish","hentry"],"yoast_head":"<!-- This site is optimized with the Yoast SEO plugin v22.6 - https:\/\/yoast.com\/wordpress\/plugins\/seo\/ -->\n<title>Agn\u00e8s Tiollier le don de la couleur. Atelier Couleur d&#039;ArTiste<\/title>\n<meta name=\"description\" content=\"Agn\u00e8s Tiollier travaille dans son atelier Couleur d&#039;ArTiste \u00e0 Lyon , et pratique la peinture \u00e0 l&#039;huile et le Pastel sec\" \/>\n<meta name=\"robots\" content=\"index, follow, max-snippet:-1, max-image-preview:large, max-video-preview:-1\" \/>\n<link rel=\"canonical\" href=\"https:\/\/couleurdartiste.com\/index.php\/ma-demarche-artistique\/\" \/>\n<meta property=\"og:locale\" content=\"fr_FR\" \/>\n<meta property=\"og:type\" content=\"article\" \/>\n<meta property=\"og:title\" content=\"Agn\u00e8s Tiollier le don de la couleur. Atelier Couleur d&#039;ArTiste\" \/>\n<meta property=\"og:description\" content=\"Agn\u00e8s Tiollier travaille dans son atelier Couleur d&#039;ArTiste \u00e0 Lyon , et pratique la peinture \u00e0 l&#039;huile et le Pastel sec\" \/>\n<meta property=\"og:url\" content=\"https:\/\/couleurdartiste.com\/index.php\/ma-demarche-artistique\/\" \/>\n<meta property=\"og:site_name\" content=\"Agn\u00e8s Tiollier Artiste Peintre\" \/>\n<meta property=\"article:modified_time\" content=\"2024-05-11T13:22:55+00:00\" \/>\n<meta property=\"og:image\" content=\"http:\/\/couleurdartiste.com\/wp-content\/uploads\/2019\/11\/Photo-Agnes-288x300.jpg\" \/>\n<meta name=\"twitter:card\" content=\"summary_large_image\" \/>\n<meta name=\"twitter:label1\" content=\"Dur\u00e9e de lecture estim\u00e9e\" \/>\n\t<meta name=\"twitter:data1\" content=\"1 minute\" \/>\n<script type=\"application\/ld+json\" class=\"yoast-schema-graph\">{\"@context\":\"https:\/\/schema.org\",\"@graph\":[{\"@type\":\"WebPage\",\"@id\":\"https:\/\/couleurdartiste.com\/index.php\/ma-demarche-artistique\/\",\"url\":\"https:\/\/couleurdartiste.com\/index.php\/ma-demarche-artistique\/\",\"name\":\"Agn\u00e8s Tiollier le don de la couleur. Atelier Couleur d'ArTiste\",\"isPartOf\":{\"@id\":\"https:\/\/couleurdartiste.com\/#website\"},\"primaryImageOfPage\":{\"@id\":\"https:\/\/couleurdartiste.com\/index.php\/ma-demarche-artistique\/#primaryimage\"},\"image\":{\"@id\":\"https:\/\/couleurdartiste.com\/index.php\/ma-demarche-artistique\/#primaryimage\"},\"thumbnailUrl\":\"http:\/\/couleurdartiste.com\/wp-content\/uploads\/2019\/11\/Photo-Agnes-288x300.jpg\",\"datePublished\":\"2019-03-03T16:30:40+00:00\",\"dateModified\":\"2024-05-11T13:22:55+00:00\",\"description\":\"Agn\u00e8s Tiollier travaille dans son atelier Couleur d'ArTiste \u00e0 Lyon , et pratique la peinture \u00e0 l'huile et le Pastel sec\",\"breadcrumb\":{\"@id\":\"https:\/\/couleurdartiste.com\/index.php\/ma-demarche-artistique\/#breadcrumb\"},\"inLanguage\":\"fr-FR\",\"potentialAction\":[{\"@type\":\"ReadAction\",\"target\":[\"https:\/\/couleurdartiste.com\/index.php\/ma-demarche-artistique\/\"]}]},{\"@type\":\"ImageObject\",\"inLanguage\":\"fr-FR\",\"@id\":\"https:\/\/couleurdartiste.com\/index.php\/ma-demarche-artistique\/#primaryimage\",\"url\":\"https:\/\/couleurdartiste.com\/wp-content\/uploads\/2019\/11\/Photo-Agnes.jpg\",\"contentUrl\":\"https:\/\/couleurdartiste.com\/wp-content\/uploads\/2019\/11\/Photo-Agnes.jpg\",\"width\":1253,\"height\":1304,\"caption\":\"Agn\u00e8s Tiollier Artiste Peintre lyonnaise\"},{\"@type\":\"BreadcrumbList\",\"@id\":\"https:\/\/couleurdartiste.com\/index.php\/ma-demarche-artistique\/#breadcrumb\",\"itemListElement\":[{\"@type\":\"ListItem\",\"position\":1,\"name\":\"Accueil\",\"item\":\"https:\/\/couleurdartiste.com\/\"},{\"@type\":\"ListItem\",\"position\":2,\"name\":\"Ma d\u00e9marche artistique\"}]},{\"@type\":\"WebSite\",\"@id\":\"https:\/\/couleurdartiste.com\/#website\",\"url\":\"https:\/\/couleurdartiste.com\/\",\"name\":\"Agn\u00e8s Tiollier Artiste Peintre\",\"description\":\"Couleur d&#039;ArTiste\",\"publisher\":{\"@id\":\"https:\/\/couleurdartiste.com\/#organization\"},\"potentialAction\":[{\"@type\":\"SearchAction\",\"target\":{\"@type\":\"EntryPoint\",\"urlTemplate\":\"https:\/\/couleurdartiste.com\/?s={search_term_string}\"},\"query-input\":\"required name=search_term_string\"}],\"inLanguage\":\"fr-FR\"},{\"@type\":\"Organization\",\"@id\":\"https:\/\/couleurdartiste.com\/#organization\",\"name\":\"Couleur d'ArTiste Lyon\",\"url\":\"https:\/\/couleurdartiste.com\/\",\"logo\":{\"@type\":\"ImageObject\",\"inLanguage\":\"fr-FR\",\"@id\":\"https:\/\/couleurdartiste.com\/#\/schema\/logo\/image\/\",\"url\":\"https:\/\/couleurdartiste.com\/wp-content\/uploads\/2019\/12\/photo-Atelier.jpg\",\"contentUrl\":\"https:\/\/couleurdartiste.com\/wp-content\/uploads\/2019\/12\/photo-Atelier.jpg\",\"width\":928,\"height\":616,\"caption\":\"Couleur d'ArTiste Lyon\"},\"image\":{\"@id\":\"https:\/\/couleurdartiste.com\/#\/schema\/logo\/image\/\"},\"sameAs\":[\"http:\/\/agnestiollierartiste\",\"http:\/\/agnestiollier\/artiste\"]}]}<\/script>\n<!-- \/ Yoast SEO plugin. -->","yoast_head_json":{"title":"Agn\u00e8s Tiollier le don de la couleur. Atelier Couleur d'ArTiste","description":"Agn\u00e8s Tiollier travaille dans son atelier Couleur d'ArTiste \u00e0 Lyon , et pratique la peinture \u00e0 l'huile et le Pastel sec","robots":{"index":"index","follow":"follow","max-snippet":"max-snippet:-1","max-image-preview":"max-image-preview:large","max-video-preview":"max-video-preview:-1"},"canonical":"https:\/\/couleurdartiste.com\/index.php\/ma-demarche-artistique\/","og_locale":"fr_FR","og_type":"article","og_title":"Agn\u00e8s Tiollier le don de la couleur. Atelier Couleur d'ArTiste","og_description":"Agn\u00e8s Tiollier travaille dans son atelier Couleur d'ArTiste \u00e0 Lyon , et pratique la peinture \u00e0 l'huile et le Pastel sec","og_url":"https:\/\/couleurdartiste.com\/index.php\/ma-demarche-artistique\/","og_site_name":"Agn\u00e8s Tiollier Artiste Peintre","article_modified_time":"2024-05-11T13:22:55+00:00","og_image":[{"url":"http:\/\/couleurdartiste.com\/wp-content\/uploads\/2019\/11\/Photo-Agnes-288x300.jpg"}],"twitter_card":"summary_large_image","twitter_misc":{"Dur\u00e9e de lecture estim\u00e9e":"1 minute"},"schema":{"@context":"https:\/\/schema.org","@graph":[{"@type":"WebPage","@id":"https:\/\/couleurdartiste.com\/index.php\/ma-demarche-artistique\/","url":"https:\/\/couleurdartiste.com\/index.php\/ma-demarche-artistique\/","name":"Agn\u00e8s Tiollier le don de la couleur. Atelier Couleur d'ArTiste","isPartOf":{"@id":"https:\/\/couleurdartiste.com\/#website"},"primaryImageOfPage":{"@id":"https:\/\/couleurdartiste.com\/index.php\/ma-demarche-artistique\/#primaryimage"},"image":{"@id":"https:\/\/couleurdartiste.com\/index.php\/ma-demarche-artistique\/#primaryimage"},"thumbnailUrl":"http:\/\/couleurdartiste.com\/wp-content\/uploads\/2019\/11\/Photo-Agnes-288x300.jpg","datePublished":"2019-03-03T16:30:40+00:00","dateModified":"2024-05-11T13:22:55+00:00","description":"Agn\u00e8s Tiollier travaille dans son atelier Couleur d'ArTiste \u00e0 Lyon , et pratique la peinture \u00e0 l'huile et le Pastel sec","breadcrumb":{"@id":"https:\/\/couleurdartiste.com\/index.php\/ma-demarche-artistique\/#breadcrumb"},"inLanguage":"fr-FR","potentialAction":[{"@type":"ReadAction","target":["https:\/\/couleurdartiste.com\/index.php\/ma-demarche-artistique\/"]}]},{"@type":"ImageObject","inLanguage":"fr-FR","@id":"https:\/\/couleurdartiste.com\/index.php\/ma-demarche-artistique\/#primaryimage","url":"https:\/\/couleurdartiste.com\/wp-content\/uploads\/2019\/11\/Photo-Agnes.jpg","contentUrl":"https:\/\/couleurdartiste.com\/wp-content\/uploads\/2019\/11\/Photo-Agnes.jpg","width":1253,"height":1304,"caption":"Agn\u00e8s Tiollier Artiste Peintre lyonnaise"},{"@type":"BreadcrumbList","@id":"https:\/\/couleurdartiste.com\/index.php\/ma-demarche-artistique\/#breadcrumb","itemListElement":[{"@type":"ListItem","position":1,"name":"Accueil","item":"https:\/\/couleurdartiste.com\/"},{"@type":"ListItem","position":2,"name":"Ma d\u00e9marche artistique"}]},{"@type":"WebSite","@id":"https:\/\/couleurdartiste.com\/#website","url":"https:\/\/couleurdartiste.com\/","name":"Agn\u00e8s Tiollier Artiste Peintre","description":"Couleur d&#039;ArTiste","publisher":{"@id":"https:\/\/couleurdartiste.com\/#organization"},"potentialAction":[{"@type":"SearchAction","target":{"@type":"EntryPoint","urlTemplate":"https:\/\/couleurdartiste.com\/?s={search_term_string}"},"query-input":"required name=search_term_string"}],"inLanguage":"fr-FR"},{"@type":"Organization","@id":"https:\/\/couleurdartiste.com\/#organization","name":"Couleur d'ArTiste Lyon","url":"https:\/\/couleurdartiste.com\/","logo":{"@type":"ImageObject","inLanguage":"fr-FR","@id":"https:\/\/couleurdartiste.com\/#\/schema\/logo\/image\/","url":"https:\/\/couleurdartiste.com\/wp-content\/uploads\/2019\/12\/photo-Atelier.jpg","contentUrl":"https:\/\/couleurdartiste.com\/wp-content\/uploads\/2019\/12\/photo-Atelier.jpg","width":928,"height":616,"caption":"Couleur d'ArTiste Lyon"},"image":{"@id":"https:\/\/couleurdartiste.com\/#\/schema\/logo\/image\/"},"sameAs":["http:\/\/agnestiollierartiste","http:\/\/agnestiollier\/artiste"]}]}},"_links":{"self":[{"href":"https:\/\/couleurdartiste.com\/index.php\/wp-json\/wp\/v2\/pages\/11","targetHints":{"allow":["GET"]}}],"collection":[{"href":"https:\/\/couleurdartiste.com\/index.php\/wp-json\/wp\/v2\/pages"}],"about":[{"href":"https:\/\/couleurdartiste.com\/index.php\/wp-json\/wp\/v2\/types\/page"}],"author":[{"embeddable":true,"href":"https:\/\/couleurdartiste.com\/index.php\/wp-json\/wp\/v2\/users\/1"}],"replies":[{"embeddable":true,"href":"https:\/\/couleurdartiste.com\/index.php\/wp-json\/wp\/v2\/comments?post=11"}],"version-history":[{"count":6,"href":"https:\/\/couleurdartiste.com\/index.php\/wp-json\/wp\/v2\/pages\/11\/revisions"}],"predecessor-version":[{"id":132,"href":"https:\/\/couleurdartiste.com\/index.php\/wp-json\/wp\/v2\/pages\/11\/revisions\/132"}],"wp:attachment":[{"href":"https:\/\/couleurdartiste.com\/index.php\/wp-json\/wp\/v2\/media?parent=11"}],"curies":[{"name":"wp","href":"https:\/\/api.w.org\/{rel}","templated":true}]}}