{"id":56,"date":"2019-03-03T17:29:37","date_gmt":"2019-03-03T17:29:37","guid":{"rendered":"http:\/\/couleurdartiste.com\/?page_id=56"},"modified":"2024-05-16T06:47:30","modified_gmt":"2024-05-16T06:47:30","slug":"actualite","status":"publish","type":"page","link":"https:\/\/couleurdartiste.com\/index.php\/agnes-tiollier-est-une-artiste-peintre-a-lyon\/actualite\/","title":{"rendered":"Actualit\u00e9"},"content":{"rendered":"<p>Agn\u00e8s Tiollier expose ses toiles \u00e0<strong> l&rsquo; Hivernal de Lyon 68 \u00e8me Salon d&rsquo;Hiver<br \/>\n<\/strong><\/p>\n<p>Peinture et sculptures<\/p>\n<p><img loading=\"lazy\" decoding=\"async\" class=\"alignnone size-medium wp-image-178\" src=\"https:\/\/couleurdartiste.com\/wp-content\/uploads\/2024\/05\/carton-hivernale-300x225.jpg\" alt=\"\" width=\"300\" height=\"225\" srcset=\"https:\/\/couleurdartiste.com\/wp-content\/uploads\/2024\/05\/carton-hivernale-300x225.jpg 300w, https:\/\/couleurdartiste.com\/wp-content\/uploads\/2024\/05\/carton-hivernale-768x576.jpg 768w, https:\/\/couleurdartiste.com\/wp-content\/uploads\/2024\/05\/carton-hivernale.jpg 960w\" sizes=\"auto, (max-width: 300px) 100vw, 300px\" \/><\/p>\n<p>Du 15 au 28 mai 2024 \u00e0 L&rsquo;Orangerie du Parc de la t\u00eate d&rsquo;or<\/p>\n","protected":false},"excerpt":{"rendered":"<p>Agn\u00e8s Tiollier expose ses toiles \u00e0 l&rsquo; Hivernal de Lyon 68 \u00e8me Salon d&rsquo;Hiver Peinture et sculptures Du 15 au 28 mai 2024 \u00e0 L&rsquo;Orangerie du Parc de la t\u00eate d&rsquo;or<\/p>\n","protected":false},"author":1,"featured_media":0,"parent":10,"menu_order":0,"comment_status":"closed","ping_status":"closed","template":"","meta":{"footnotes":""},"class_list":["post-56","page","type-page","status-publish","hentry"],"yoast_head":"<!-- This site is optimized with the Yoast SEO plugin v22.6 - https:\/\/yoast.com\/wordpress\/plugins\/seo\/ -->\n<title>Actualit\u00e9 - Agn\u00e8s Tiollier Artiste Peintre<\/title>\n<meta name=\"robots\" content=\"index, follow, max-snippet:-1, max-image-preview:large, max-video-preview:-1\" \/>\n<link rel=\"canonical\" href=\"https:\/\/couleurdartiste.com\/index.php\/agnes-tiollier-est-une-artiste-peintre-a-lyon\/actualite\/\" \/>\n<meta property=\"og:locale\" content=\"fr_FR\" \/>\n<meta property=\"og:type\" content=\"article\" \/>\n<meta property=\"og:title\" content=\"Actualit\u00e9 - Agn\u00e8s Tiollier Artiste Peintre\" \/>\n<meta property=\"og:description\" content=\"Agn\u00e8s Tiollier expose ses toiles \u00e0 l&rsquo; Hivernal de Lyon 68 \u00e8me Salon d&rsquo;Hiver Peinture et sculptures Du 15 au 28 mai 2024 \u00e0 L&rsquo;Orangerie du Parc de la t\u00eate d&rsquo;or\" \/>\n<meta property=\"og:url\" content=\"https:\/\/couleurdartiste.com\/index.php\/agnes-tiollier-est-une-artiste-peintre-a-lyon\/actualite\/\" \/>\n<meta property=\"og:site_name\" content=\"Agn\u00e8s Tiollier Artiste Peintre\" \/>\n<meta property=\"article:modified_time\" content=\"2024-05-16T06:47:30+00:00\" \/>\n<meta property=\"og:image\" content=\"https:\/\/couleurdartiste.com\/wp-content\/uploads\/2024\/05\/carton-hivernale-300x225.jpg\" \/>\n<meta name=\"twitter:card\" content=\"summary_large_image\" \/>\n<meta name=\"twitter:label1\" content=\"Dur\u00e9e de lecture estim\u00e9e\" \/>\n\t<meta name=\"twitter:data1\" content=\"1 minute\" \/>\n<script type=\"application\/ld+json\" class=\"yoast-schema-graph\">{\"@context\":\"https:\/\/schema.org\",\"@graph\":[{\"@type\":\"WebPage\",\"@id\":\"https:\/\/couleurdartiste.com\/index.php\/agnes-tiollier-est-une-artiste-peintre-a-lyon\/actualite\/\",\"url\":\"https:\/\/couleurdartiste.com\/index.php\/agnes-tiollier-est-une-artiste-peintre-a-lyon\/actualite\/\",\"name\":\"Actualit\u00e9 - Agn\u00e8s Tiollier Artiste Peintre\",\"isPartOf\":{\"@id\":\"https:\/\/couleurdartiste.com\/#website\"},\"primaryImageOfPage\":{\"@id\":\"https:\/\/couleurdartiste.com\/index.php\/agnes-tiollier-est-une-artiste-peintre-a-lyon\/actualite\/#primaryimage\"},\"image\":{\"@id\":\"https:\/\/couleurdartiste.com\/index.php\/agnes-tiollier-est-une-artiste-peintre-a-lyon\/actualite\/#primaryimage\"},\"thumbnailUrl\":\"https:\/\/couleurdartiste.com\/wp-content\/uploads\/2024\/05\/carton-hivernale-300x225.jpg\",\"datePublished\":\"2019-03-03T17:29:37+00:00\",\"dateModified\":\"2024-05-16T06:47:30+00:00\",\"breadcrumb\":{\"@id\":\"https:\/\/couleurdartiste.com\/index.php\/agnes-tiollier-est-une-artiste-peintre-a-lyon\/actualite\/#breadcrumb\"},\"inLanguage\":\"fr-FR\",\"potentialAction\":[{\"@type\":\"ReadAction\",\"target\":[\"https:\/\/couleurdartiste.com\/index.php\/agnes-tiollier-est-une-artiste-peintre-a-lyon\/actualite\/\"]}]},{\"@type\":\"ImageObject\",\"inLanguage\":\"fr-FR\",\"@id\":\"https:\/\/couleurdartiste.com\/index.php\/agnes-tiollier-est-une-artiste-peintre-a-lyon\/actualite\/#primaryimage\",\"url\":\"https:\/\/couleurdartiste.com\/wp-content\/uploads\/2024\/05\/carton-hivernale.jpg\",\"contentUrl\":\"https:\/\/couleurdartiste.com\/wp-content\/uploads\/2024\/05\/carton-hivernale.jpg\",\"width\":960,\"height\":720},{\"@type\":\"BreadcrumbList\",\"@id\":\"https:\/\/couleurdartiste.com\/index.php\/agnes-tiollier-est-une-artiste-peintre-a-lyon\/actualite\/#breadcrumb\",\"itemListElement\":[{\"@type\":\"ListItem\",\"position\":1,\"name\":\"Accueil\",\"item\":\"https:\/\/couleurdartiste.com\/\"},{\"@type\":\"ListItem\",\"position\":2,\"name\":\"Actualit\u00e9\"}]},{\"@type\":\"WebSite\",\"@id\":\"https:\/\/couleurdartiste.com\/#website\",\"url\":\"https:\/\/couleurdartiste.com\/\",\"name\":\"Agn\u00e8s Tiollier Artiste Peintre\",\"description\":\"Couleur d&#039;ArTiste\",\"publisher\":{\"@id\":\"https:\/\/couleurdartiste.com\/#organization\"},\"potentialAction\":[{\"@type\":\"SearchAction\",\"target\":{\"@type\":\"EntryPoint\",\"urlTemplate\":\"https:\/\/couleurdartiste.com\/?s={search_term_string}\"},\"query-input\":\"required name=search_term_string\"}],\"inLanguage\":\"fr-FR\"},{\"@type\":\"Organization\",\"@id\":\"https:\/\/couleurdartiste.com\/#organization\",\"name\":\"Couleur d'ArTiste Lyon\",\"url\":\"https:\/\/couleurdartiste.com\/\",\"logo\":{\"@type\":\"ImageObject\",\"inLanguage\":\"fr-FR\",\"@id\":\"https:\/\/couleurdartiste.com\/#\/schema\/logo\/image\/\",\"url\":\"https:\/\/couleurdartiste.com\/wp-content\/uploads\/2019\/12\/photo-Atelier.jpg\",\"contentUrl\":\"https:\/\/couleurdartiste.com\/wp-content\/uploads\/2019\/12\/photo-Atelier.jpg\",\"width\":928,\"height\":616,\"caption\":\"Couleur d'ArTiste Lyon\"},\"image\":{\"@id\":\"https:\/\/couleurdartiste.com\/#\/schema\/logo\/image\/\"},\"sameAs\":[\"http:\/\/agnestiollierartiste\",\"http:\/\/agnestiollier\/artiste\"]}]}<\/script>\n<!-- \/ Yoast SEO plugin. -->","yoast_head_json":{"title":"Actualit\u00e9 - Agn\u00e8s Tiollier Artiste Peintre","robots":{"index":"index","follow":"follow","max-snippet":"max-snippet:-1","max-image-preview":"max-image-preview:large","max-video-preview":"max-video-preview:-1"},"canonical":"https:\/\/couleurdartiste.com\/index.php\/agnes-tiollier-est-une-artiste-peintre-a-lyon\/actualite\/","og_locale":"fr_FR","og_type":"article","og_title":"Actualit\u00e9 - Agn\u00e8s Tiollier Artiste Peintre","og_description":"Agn\u00e8s Tiollier expose ses toiles \u00e0 l&rsquo; Hivernal de Lyon 68 \u00e8me Salon d&rsquo;Hiver Peinture et sculptures Du 15 au 28 mai 2024 \u00e0 L&rsquo;Orangerie du Parc de la t\u00eate d&rsquo;or","og_url":"https:\/\/couleurdartiste.com\/index.php\/agnes-tiollier-est-une-artiste-peintre-a-lyon\/actualite\/","og_site_name":"Agn\u00e8s Tiollier Artiste Peintre","article_modified_time":"2024-05-16T06:47:30+00:00","og_image":[{"url":"https:\/\/couleurdartiste.com\/wp-content\/uploads\/2024\/05\/carton-hivernale-300x225.jpg"}],"twitter_card":"summary_large_image","twitter_misc":{"Dur\u00e9e de lecture estim\u00e9e":"1 minute"},"schema":{"@context":"https:\/\/schema.org","@graph":[{"@type":"WebPage","@id":"https:\/\/couleurdartiste.com\/index.php\/agnes-tiollier-est-une-artiste-peintre-a-lyon\/actualite\/","url":"https:\/\/couleurdartiste.com\/index.php\/agnes-tiollier-est-une-artiste-peintre-a-lyon\/actualite\/","name":"Actualit\u00e9 - Agn\u00e8s Tiollier Artiste Peintre","isPartOf":{"@id":"https:\/\/couleurdartiste.com\/#website"},"primaryImageOfPage":{"@id":"https:\/\/couleurdartiste.com\/index.php\/agnes-tiollier-est-une-artiste-peintre-a-lyon\/actualite\/#primaryimage"},"image":{"@id":"https:\/\/couleurdartiste.com\/index.php\/agnes-tiollier-est-une-artiste-peintre-a-lyon\/actualite\/#primaryimage"},"thumbnailUrl":"https:\/\/couleurdartiste.com\/wp-content\/uploads\/2024\/05\/carton-hivernale-300x225.jpg","datePublished":"2019-03-03T17:29:37+00:00","dateModified":"2024-05-16T06:47:30+00:00","breadcrumb":{"@id":"https:\/\/couleurdartiste.com\/index.php\/agnes-tiollier-est-une-artiste-peintre-a-lyon\/actualite\/#breadcrumb"},"inLanguage":"fr-FR","potentialAction":[{"@type":"ReadAction","target":["https:\/\/couleurdartiste.com\/index.php\/agnes-tiollier-est-une-artiste-peintre-a-lyon\/actualite\/"]}]},{"@type":"ImageObject","inLanguage":"fr-FR","@id":"https:\/\/couleurdartiste.com\/index.php\/agnes-tiollier-est-une-artiste-peintre-a-lyon\/actualite\/#primaryimage","url":"https:\/\/couleurdartiste.com\/wp-content\/uploads\/2024\/05\/carton-hivernale.jpg","contentUrl":"https:\/\/couleurdartiste.com\/wp-content\/uploads\/2024\/05\/carton-hivernale.jpg","width":960,"height":720},{"@type":"BreadcrumbList","@id":"https:\/\/couleurdartiste.com\/index.php\/agnes-tiollier-est-une-artiste-peintre-a-lyon\/actualite\/#breadcrumb","itemListElement":[{"@type":"ListItem","position":1,"name":"Accueil","item":"https:\/\/couleurdartiste.com\/"},{"@type":"ListItem","position":2,"name":"Actualit\u00e9"}]},{"@type":"WebSite","@id":"https:\/\/couleurdartiste.com\/#website","url":"https:\/\/couleurdartiste.com\/","name":"Agn\u00e8s Tiollier Artiste Peintre","description":"Couleur d&#039;ArTiste","publisher":{"@id":"https:\/\/couleurdartiste.com\/#organization"},"potentialAction":[{"@type":"SearchAction","target":{"@type":"EntryPoint","urlTemplate":"https:\/\/couleurdartiste.com\/?s={search_term_string}"},"query-input":"required name=search_term_string"}],"inLanguage":"fr-FR"},{"@type":"Organization","@id":"https:\/\/couleurdartiste.com\/#organization","name":"Couleur d'ArTiste Lyon","url":"https:\/\/couleurdartiste.com\/","logo":{"@type":"ImageObject","inLanguage":"fr-FR","@id":"https:\/\/couleurdartiste.com\/#\/schema\/logo\/image\/","url":"https:\/\/couleurdartiste.com\/wp-content\/uploads\/2019\/12\/photo-Atelier.jpg","contentUrl":"https:\/\/couleurdartiste.com\/wp-content\/uploads\/2019\/12\/photo-Atelier.jpg","width":928,"height":616,"caption":"Couleur d'ArTiste Lyon"},"image":{"@id":"https:\/\/couleurdartiste.com\/#\/schema\/logo\/image\/"},"sameAs":["http:\/\/agnestiollierartiste","http:\/\/agnestiollier\/artiste"]}]}},"_links":{"self":[{"href":"https:\/\/couleurdartiste.com\/index.php\/wp-json\/wp\/v2\/pages\/56","targetHints":{"allow":["GET"]}}],"collection":[{"href":"https:\/\/couleurdartiste.com\/index.php\/wp-json\/wp\/v2\/pages"}],"about":[{"href":"https:\/\/couleurdartiste.com\/index.php\/wp-json\/wp\/v2\/types\/page"}],"author":[{"embeddable":true,"href":"https:\/\/couleurdartiste.com\/index.php\/wp-json\/wp\/v2\/users\/1"}],"replies":[{"embeddable":true,"href":"https:\/\/couleurdartiste.com\/index.php\/wp-json\/wp\/v2\/comments?post=56"}],"version-history":[{"count":13,"href":"https:\/\/couleurdartiste.com\/index.php\/wp-json\/wp\/v2\/pages\/56\/revisions"}],"predecessor-version":[{"id":179,"href":"https:\/\/couleurdartiste.com\/index.php\/wp-json\/wp\/v2\/pages\/56\/revisions\/179"}],"up":[{"embeddable":true,"href":"https:\/\/couleurdartiste.com\/index.php\/wp-json\/wp\/v2\/pages\/10"}],"wp:attachment":[{"href":"https:\/\/couleurdartiste.com\/index.php\/wp-json\/wp\/v2\/media?parent=56"}],"curies":[{"name":"wp","href":"https:\/\/api.w.org\/{rel}","templated":true}]}}